{"id":3,"date":"2022-10-10T06:48:17","date_gmt":"2022-10-10T06:48:17","guid":{"rendered":"https:\/\/eva-stollreiter.de\/?page_id=3"},"modified":"2024-04-20T16:12:53","modified_gmt":"2024-04-20T16:12:53","slug":"privacy-policy","status":"publish","type":"page","link":"https:\/\/eva-stollreiter.de\/?page_id=3","title":{"rendered":"Impressum"},"content":{"rendered":"\n<h2 class=\"wp-block-heading\">Impressum<\/h2>\n\n\n\n<p>Eva Stollreiter<br>Nogatstr. 51<br>12051 Berlin<br>Tel.: 0177-623 80 63<br>E-Mail: mail@eva-stollreiter.de<\/p>\n\n\n\n<p>Verantwortlich f\u00fcr den Inhalt: Eva Stollreiter<br>Bilder in der Kopfzeile: Eva Stollreiter (Portfolio, \u00dcber mich) \/ Pixabay (Publikationen)<br>Portrait (Portfolio): Mina Link \/ Farbtonwerk<\/p>\n\n\n\n<p><strong>Rechtlicher Hinweis:<\/strong> Diese Webseiten enthalten Links zu anderen Websites. F\u00fcr den Inhalt dieser anderen Websites sind wir nicht verantwortlich.<\/p>\n\n\n\n<p><strong>Gew\u00e4hrleistung:<\/strong>&nbsp;Alle Angaben dieses Internetangebotes wurden sorgf\u00e4ltig gepr\u00fcft. Eine Garantie f\u00fcr Vollst\u00e4ndigkeit, Richtigkeit und letzte Aktualit\u00e4t kann jedoch nicht \u00fcbernommen werden. Wir stellen diese Informationen ohne jegliche Zusicherung oder Gew\u00e4hrleistung zur Verf\u00fcgung. Desweiteren schlie\u00dfen wir jegliche Haftung f\u00fcr Sch\u00e4den, die direkt oder indirekt aus der Benutzung dieser Website entstehen, aus.<\/p>\n\n\n\n<p><strong>Datenschutz:<\/strong> Alle Informationen, die Sie beim Besuch dieser Website hinterlassen, werden absolut vertraulich behandelt. Eine Nutzung von Daten erfolgt ausschlie\u00dflich, um mit Ihnen im Rahmen des betreffenden Angebots in Kontakt zu treten, und werden nicht an Dritte weitergegeben.<\/p>\n\n\n\n<p><strong>Erkl\u00e4rung zum Datenschutz: <\/strong>Die Inhalte unserer Internet-Seiten entsprechen der DSGVO und dem Telemediengesetz (TMG). Sie enthalten au\u00dfer den freiwilligen Angaben, die Sie uns per E-Mail mitteilen k\u00f6nnen, keine Abfragen zu personenbezogenen Daten.<\/p>\n\n\n\n<p><strong>Allgemeines zur Datenverarbeitung<\/strong><\/p>\n\n\n\n<p><strong>Umfang der Verarbeitung personenbezogener Daten<\/strong><br>Wir verarbeiten personenbezogene Daten unserer Nutzer grunds\u00e4tzlich nur, soweit dies zur Bereitstellung einer funktionsf\u00e4higen Website sowie unserer Inhalte und Leistungen erforderlich ist. Die Verarbeitung personenbezogener Daten unserer Nutzer erfolgt regelm\u00e4\u00dfig nur nach Einwilligung des Nutzers. Eine Ausnahme gilt in solchen F\u00e4llen, in denen eine vorherige Einholung einer Einwilligung aus tats\u00e4chlichen Gr\u00fcnden nicht m\u00f6glich ist und die Verarbeitung der Daten durch gesetzliche Vorschriften gestattet ist.<\/p>\n\n\n\n<p><strong>1. Rechtsgrundlage f\u00fcr die Verarbeitung personenbezogener Daten<\/strong><br>Soweit wir f\u00fcr Verarbeitungsvorg\u00e4nge personenbezogener Daten eine Einwilligung der betroffenen Person einholen, dient Art.&nbsp;6 Abs.&nbsp;1 lit.&nbsp;a EU-Datenschutzgrundverordnung (DSGVO) als Rechtsgrundlage. Bei der Verarbeitung von personenbezogenen Daten, die zur Erf\u00fcllung eines Vertrages, dessen Vertragspartei die betroffene Person ist, erforderlich ist, dient Art.&nbsp;6 Abs.&nbsp;1 lit.&nbsp;b DSGVO als Rechtsgrundlage. Dies gilt auch f\u00fcr Verarbeitungsvorg\u00e4nge, die zur Durchf\u00fchrung vorvertraglicher Ma\u00dfnahmen erforderlich sind. Soweit eine Verarbeitung personenbezogener Daten zur Erf\u00fcllung einer rechtlichen Verpflichtung erforderlich ist, der unser Verein unterliegt, dient Art.&nbsp;6 Abs.&nbsp;1 lit.&nbsp;c DSGVO als Rechtsgrundlage. F\u00fcr den Fall, dass lebenswichtige Interessen der betroffenen Person oder einer anderen nat\u00fcrlichen Person eine Verarbeitung personenbezogener Daten erforderlich machen, dient Art.&nbsp;6 Abs.&nbsp;1 lit.&nbsp;d DSGVO als Rechtsgrundlage. Ist die Verarbeitung zur Wahrung eines berechtigten Interesses unseres Vereins oder eines Dritten erforderlich und \u00fcberwiegen die Interessen, Grundrechte und Grundfreiheiten des Betroffenen das erstgenannte Interesse nicht, so dient Art.&nbsp;6 Abs.&nbsp;1 lit.&nbsp;f DSGVO als Rechtsgrundlage f\u00fcr die Verarbeitung.<\/p>\n\n\n\n<p><strong>2. Datenl\u00f6schung und Speicherdauer<\/strong><br>Die personenbezogenen Daten der betroffenen Person werden gel\u00f6scht oder gesperrt, sobald der Zweck der Speicherung entf\u00e4llt. Eine Speicherung kann dar\u00fcber hinaus erfolgen, wenn dies durch den europ\u00e4ischen oder nationalen Gesetzgeber in unionsrechtlichen Verordnungen, Gesetzen oder sonstigen Vorschriften, denen der Verantwortliche unterliegt, vorgesehen wurde. Eine Sperrung oder L\u00f6schung der Daten erfolgt auch dann, wenn eine durch die genannten Normen vorgeschriebene Speicherfrist abl\u00e4uft, es sei denn, dass eine Erforderlichkeit zur weiteren Speicherung der Daten f\u00fcr einen Vertragsabschluss oder eine Vertragserf\u00fcllung besteht.<\/p>\n\n\n\n<p><strong>Bereitstellung der Website und Erstellung von Logfiles<\/strong><br><strong>Beschreibung und Umfang der Datenverarbeitung:<\/strong> In den beim Hoster kundenseitig m\u00f6glichen Einstellungen, wurde die Erstellung von Logfiles deaktiviert. Bei jedem Aufruf unserer Internetseite erfasst der Hoster dennoch tempor\u00e4r automatisiert Daten und Informationen, um die Auslieferung von Webseiten gew\u00e4hrleisten zu k\u00f6nnen. Folgende Daten werden hierbei \u00fcblicherweise erhoben:<\/p>\n\n\n\n<ul class=\"wp-block-list\">\n<li>(1) Informationen \u00fcber den Browsertyp und die verwendete Version<\/li>\n\n\n\n<li>(2) Das Betriebssystem des Nutzers<\/li>\n\n\n\n<li>(3) Den Internet-Service-Provider des Nutzers<\/li>\n\n\n\n<li>(4) Die IP-Adresse des Nutzers<\/li>\n\n\n\n<li>(5) Datum und Uhrzeit des Zugriffs<\/li>\n\n\n\n<li>(6) Websites, von denen das System des Nutzers auf unsere Internetseite gelangt<\/li>\n\n\n\n<li>(7) Websites, die vom System des Nutzers \u00fcber unsere Website aufgerufen werden<\/li>\n<\/ul>\n\n\n\n<p>Eine Speicherung dieser Daten durch Eva Stollreiter findet nicht statt.<\/p>\n\n\n\n<p><strong>Urheberrecht:<\/strong> Alle Inhalte (Texte, Bilder, Grafiken) auf diesen Webseiten unterliegen dem Schutz des Urheberrechts. Der Rechtsschutz gilt auch gegen\u00fcber Datenbanken und \u00e4hnlichen Einrichtungen. Die Inhalte sind nur f\u00fcr den bestimmungsgem\u00e4\u00dfen Abruf im Internet frei nutzbar und d\u00fcrfen au\u00dferhalb der Grenzen des Urheberrechts nicht ohne ausdr\u00fcckliche schriftliche Genehmigung in irgendeiner Form vervielf\u00e4ltigt, verbreitet, ver\u00e4ndert oder Dritten zug\u00e4nglich gemacht werden.<\/p>\n\n\n\n<p><strong>Weitere rechtliche Hinweise:&nbsp;<\/strong>Im Falle von Domainstreitigkeiten, wettbewerbsrechtlichen oder vergleichbaren Problemen bitten wir Sie, zur Vermeidung unn\u00f6tiger Rechtsstreitigkeiten und Kosten, uns bereits im Vorfeld zu kontaktieren. Die Kostennote einer anwaltlichen Abmahnung ohne vorhergehende Kontaktaufnahme wird im Sinne der Schadensminderungspflicht als unbegr\u00fcndet zur\u00fcckgewiesen<\/p>\n\n\n\n<p><\/p>\n","protected":false},"excerpt":{"rendered":"<p>Impressum Eva StollreiterNogatstr. 5112051 BerlinTel.: 0177-623 80 63E-Mail: mail@eva-stollreiter.de Verantwortlich f\u00fcr den Inhalt: Eva StollreiterBilder in der Kopfzeile: Eva Stollreiter (Portfolio, \u00dcber mich) \/ Pixabay (Publikationen)Portrait (Portfolio): Mina Link \/ &#8230;<\/p>\n","protected":false},"author":1,"featured_media":0,"parent":0,"menu_order":0,"comment_status":"closed","ping_status":"open","template":"","meta":{"footnotes":""},"class_list":["post-3","page","type-page","status-publish","hentry"],"_links":{"self":[{"href":"https:\/\/eva-stollreiter.de\/index.php?rest_route=\/wp\/v2\/pages\/3","targetHints":{"allow":["GET"]}}],"collection":[{"href":"https:\/\/eva-stollreiter.de\/index.php?rest_route=\/wp\/v2\/pages"}],"about":[{"href":"https:\/\/eva-stollreiter.de\/index.php?rest_route=\/wp\/v2\/types\/page"}],"author":[{"embeddable":true,"href":"https:\/\/eva-stollreiter.de\/index.php?rest_route=\/wp\/v2\/users\/1"}],"replies":[{"embeddable":true,"href":"https:\/\/eva-stollreiter.de\/index.php?rest_route=%2Fwp%2Fv2%2Fcomments&post=3"}],"version-history":[{"count":8,"href":"https:\/\/eva-stollreiter.de\/index.php?rest_route=\/wp\/v2\/pages\/3\/revisions"}],"predecessor-version":[{"id":409,"href":"https:\/\/eva-stollreiter.de\/index.php?rest_route=\/wp\/v2\/pages\/3\/revisions\/409"}],"wp:attachment":[{"href":"https:\/\/eva-stollreiter.de\/index.php?rest_route=%2Fwp%2Fv2%2Fmedia&parent=3"}],"curies":[{"name":"wp","href":"https:\/\/api.w.org\/{rel}","templated":true}]}}