{"id":125,"date":"2022-11-15T18:33:41","date_gmt":"2022-11-15T18:33:41","guid":{"rendered":"https:\/\/eva-stollreiter.de\/?page_id=125"},"modified":"2025-09-21T18:17:10","modified_gmt":"2025-09-21T18:17:10","slug":"ueber-mich","status":"publish","type":"page","link":"https:\/\/eva-stollreiter.de\/?page_id=125","title":{"rendered":"\u00dcber mich"},"content":{"rendered":"\n<p><\/p>\n\n\n\n<p style=\"font-size:15px\">Den roten Faden in meinem Lebenslauf bilden Sprache, Philosophie, Bildung.<\/p>\n\n\n\n<p style=\"font-size:15px\">Nach dem Grundstudium in Frankfurt am Main schloss ich 2007 das Studium der Philosophie und Neueren deutschen Literaturwissenschaft an der Humboldt-Universit\u00e4t Berlin ab (Magister Artium). Mein Verlagsvolontariat hatte ich 2003 absolviert und arbeitete nun freiberuflich als Lektorin und Redakteurin.<\/p>\n\n\n\n<p style=\"font-size:15px\">Nach meiner Elternzeit entdeckte ich 2011 die Philosophiedidaktik, durch ein Gespr\u00e4ch mit einer Klaviersch\u00fclerin. Seit ich 18 war, hatte ich Klavier unterrichtet&nbsp;\u2013 f\u00fcr mehrere Jahre an einer Musikschule &nbsp;\u2013 und mich in diesem Zusammenhang immer auch mit musikp\u00e4dagogischen Fragen besch\u00e4ftigt. An die Stelle des Klaiverunterrichts trat nun die Philosophiedidaktik.<\/p>\n\n\n\n<p style=\"font-size:15px\">Inzwischen blicke ich auf umfangreiche Erfahrungen und zahlreiche Projekte im Philosophieren mit Kindern zur\u00fcck, mit dem Fokus Grundschule. Seit 2012 bin ich Vorsitzende des Berliner Vereins <a href=\"http:\/\/diekleinendenker.de\"><em>Was denkst du? Kinder und Jugendliche philosophieren<\/em> <\/a>(ehemals: Die kleinen Denker), den ich gemeinsam mit Kolleg*innen aus Philosophie, P\u00e4dagogik und anderen Bereichen gr\u00fcndete.<\/p>\n\n\n\n<p style=\"font-size:15px\">Hauptamtlich war ich ab 2013 vor allem im Bildungsmanagement t\u00e4tig. Als Referentin bei der <a href=\"http:\/\/www.sdw.org\">Stiftung der Deutschen Wirtschaft <\/a>lernte ich von 2013 bis 2018 unser f\u00f6derales Bildungssystem, die Arbeit mit Schule und die Unternehmenslandschaft in Deutschland sehr gut kennen. Zwischen 2018 und 2022 war ich Mitglied der p\u00e4dagogischen Leitung im <a href=\"http:\/\/www.fez-berlin.de\">FEZ-Berlin<\/a>, Europas gr\u00f6\u00dftem Kinder- und Familienzentrum. Hier leitete ich das Team Diversit\u00e4t und damit die Entwicklung des internen und externen Diversit\u00e4tsmanagements sowie den Querschnittbereich Schule. Eine gro\u00dfe Bereicherung bildete f\u00fcr mich die Arbeit in den unterschiedlichsten Formaten zu den Themen Demokratie, Diversit\u00e4t und Partizipation. Ab 2020 war ich au\u00dferdem Inklusionsbeauftragte. Seit 2017 bin ich zertifizierte Mediatorin.<\/p>\n\n\n\n<p style=\"font-size:15px\">2022 habe ich mich selbstst\u00e4ndig gemacht, um mich auf die philosophische Bildung zu konzentrieren, um zu schreiben und Projekte umzusetzen. Ich lebe mit meiner Familie in Berlin-Neuk\u00f6lln.<\/p>\n\n\n\n<p style=\"font-size:15px\"><\/p>\n","protected":false},"excerpt":{"rendered":"<p>Den roten Faden in meinem Lebenslauf bilden Sprache, Philosophie, Bildung. Nach dem Grundstudium in Frankfurt am Main schloss ich 2007 das Studium der Philosophie und Neueren deutschen Literaturwissenschaft an der &#8230;<\/p>\n","protected":false},"author":1,"featured_media":155,"parent":0,"menu_order":0,"comment_status":"closed","ping_status":"closed","template":"","meta":{"footnotes":""},"class_list":["post-125","page","type-page","status-publish","has-post-thumbnail","hentry"],"_links":{"self":[{"href":"https:\/\/eva-stollreiter.de\/index.php?rest_route=\/wp\/v2\/pages\/125","targetHints":{"allow":["GET"]}}],"collection":[{"href":"https:\/\/eva-stollreiter.de\/index.php?rest_route=\/wp\/v2\/pages"}],"about":[{"href":"https:\/\/eva-stollreiter.de\/index.php?rest_route=\/wp\/v2\/types\/page"}],"author":[{"embeddable":true,"href":"https:\/\/eva-stollreiter.de\/index.php?rest_route=\/wp\/v2\/users\/1"}],"replies":[{"embeddable":true,"href":"https:\/\/eva-stollreiter.de\/index.php?rest_route=%2Fwp%2Fv2%2Fcomments&post=125"}],"version-history":[{"count":47,"href":"https:\/\/eva-stollreiter.de\/index.php?rest_route=\/wp\/v2\/pages\/125\/revisions"}],"predecessor-version":[{"id":553,"href":"https:\/\/eva-stollreiter.de\/index.php?rest_route=\/wp\/v2\/pages\/125\/revisions\/553"}],"wp:featuredmedia":[{"embeddable":true,"href":"https:\/\/eva-stollreiter.de\/index.php?rest_route=\/wp\/v2\/media\/155"}],"wp:attachment":[{"href":"https:\/\/eva-stollreiter.de\/index.php?rest_route=%2Fwp%2Fv2%2Fmedia&parent=125"}],"curies":[{"name":"wp","href":"https:\/\/api.w.org\/{rel}","templated":true}]}}