{"id":11,"date":"2022-10-10T16:50:58","date_gmt":"2022-10-10T16:50:58","guid":{"rendered":"https:\/\/eva-stollreiter.de\/?page_id=11"},"modified":"2026-01-12T15:51:15","modified_gmt":"2026-01-12T15:51:15","slug":"blog-2","status":"publish","type":"page","link":"https:\/\/eva-stollreiter.de\/","title":{"rendered":"Portfolio"},"content":{"rendered":"\n<div class=\"wp-block-columns is-layout-flex wp-container-core-columns-is-layout-9d6595d7 wp-block-columns-is-layout-flex\">\n<div class=\"wp-block-column is-layout-flow wp-block-column-is-layout-flow\" style=\"flex-basis:100%\">\n<div class=\"wp-block-group alignwide\"><div class=\"wp-block-group__inner-container is-layout-constrained wp-block-group-is-layout-constrained\">\n<div class=\"wp-block-columns is-layout-flex wp-container-core-columns-is-layout-9d6595d7 wp-block-columns-is-layout-flex\">\n<div class=\"wp-block-column is-layout-flow wp-block-column-is-layout-flow\" style=\"flex-basis:100%\">\n<div class=\"wp-block-group\"><div class=\"wp-block-group__inner-container is-layout-constrained wp-block-group-is-layout-constrained\">\n<p class=\"has-text-align-left has-medium-font-size\"><strong>Philosophische Bildung <\/strong><\/p>\n\n\n\n<div class=\"wp-block-columns is-layout-flex wp-container-core-columns-is-layout-9d6595d7 wp-block-columns-is-layout-flex\">\n<div class=\"wp-block-column is-layout-flow wp-block-column-is-layout-flow\">\n<div class=\"wp-block-media-text alignwide is-stacked-on-mobile\" style=\"grid-template-columns:46% auto\"><figure class=\"wp-block-media-text__media\"><img loading=\"lazy\" decoding=\"async\" width=\"1024\" height=\"683\" src=\"https:\/\/eva-stollreiter.de\/wp-content\/uploads\/2024\/04\/2024-04-18-Fr.-Stollreiter-3793-Bearbeitet_Webaufloesung-2-1-1024x683.jpg\" alt=\"\" class=\"wp-image-354 size-full\" srcset=\"https:\/\/eva-stollreiter.de\/wp-content\/uploads\/2024\/04\/2024-04-18-Fr.-Stollreiter-3793-Bearbeitet_Webaufloesung-2-1-1024x683.jpg 1024w, https:\/\/eva-stollreiter.de\/wp-content\/uploads\/2024\/04\/2024-04-18-Fr.-Stollreiter-3793-Bearbeitet_Webaufloesung-2-1-300x200.jpg 300w, https:\/\/eva-stollreiter.de\/wp-content\/uploads\/2024\/04\/2024-04-18-Fr.-Stollreiter-3793-Bearbeitet_Webaufloesung-2-1-768x512.jpg 768w, https:\/\/eva-stollreiter.de\/wp-content\/uploads\/2024\/04\/2024-04-18-Fr.-Stollreiter-3793-Bearbeitet_Webaufloesung-2-1-174x116.jpg 174w, https:\/\/eva-stollreiter.de\/wp-content\/uploads\/2024\/04\/2024-04-18-Fr.-Stollreiter-3793-Bearbeitet_Webaufloesung-2-1.jpg 1200w\" sizes=\"auto, (max-width: 1024px) 100vw, 1024px\" \/><\/figure><div class=\"wp-block-media-text__content\">\n<ul class=\"wp-block-list\">\n<li>Leitung des Bildungprojekts <a href=\"https:\/\/was-denkst-du.net\/berliner-denkspielplaetze\/\" data-type=\"link\" data-id=\"https:\/\/was-denkst-du.net\/berliner-denkspielplaetze\/\">Berliner Denkspielpl\u00e4tze <\/a>f\u00fcr Was denkst du? e. V.<\/li>\n<\/ul>\n\n\n\n<ul class=\"wp-block-list\">\n<li>Veranstaltungen f\u00fcr Kinder, aktuell a.u. in den Projekten Gedankenflieger, Sch\u00fcler:innen-Uni f\u00fcr Nachhaltigkeit und Klimaschutz der FU Berlin, Leipzig denkt u.a.<\/li>\n<\/ul>\n\n\n\n<ul class=\"wp-block-list\">\n<li>Fortbildungen f\u00fcr Erwachsene, aktuell u. a. f\u00fcr die Stiftung Ein Quadratmeter BIldung, Bundesverband Lesef\u00f6rderung, Berliner Denkspielpl\u00e4tze<\/li>\n<\/ul>\n\n\n\n<ul class=\"wp-block-list\">\n<li>Tagungsbeitr\u00e4ge<\/li>\n<\/ul>\n\n\n\n<ul class=\"wp-block-list\">\n<li>Schwerpunkte: Philosophieren mit Kindern \/\/ Philosophieren an au\u00dferschulischen Lernorte \/\/ Philosophieren und Sprachbildung<\/li>\n<\/ul>\n<\/div><\/div>\n<\/div>\n<\/div>\n<\/div><\/div>\n<\/div>\n<\/div>\n<\/div><\/div>\n<\/div>\n<\/div>\n\n\n\n<p class=\"has-medium-font-size\"><strong>Text<\/strong><\/p>\n\n\n\n<div class=\"wp-block-group is-content-justification-left is-nowrap is-layout-flex wp-container-core-group-is-layout-f56a869c wp-block-group-is-layout-flex\">\n<div class=\"wp-block-columns are-vertically-aligned-top is-layout-flex wp-container-core-columns-is-layout-9d6595d7 wp-block-columns-is-layout-flex\">\n<div class=\"wp-block-column is-vertically-aligned-top is-layout-flow wp-block-column-is-layout-flow\" style=\"flex-basis:65%\">\n<ul class=\"wp-block-list\">\n<li>Fachartikel, Bildungsmaterialien<\/li>\n\n\n\n<li>11\/2021-11\/2025 Text, Redaktion und Lektorat f\u00fcr <a href=\"https:\/\/anoha.de\/\" data-type=\"link\" data-id=\"https:\/\/anoha.de\/\">ANOHA \u2013 die Kinderwelt des J\u00fcdischen Museums Berlin<\/a> (im Erscheinen)<\/li>\n\n\n\n<li>im August 2025 erschienen: <a href=\"https:\/\/www.cornelsen.de\/produkte\/stark-in-der-grundschule-sprachbildung-durch-philosophieren-gespraeche-ueber-lebensthemen-anregen-und-begleiten-buch-klasse-1-6-1100039201\" data-type=\"link\" data-id=\"https:\/\/www.cornelsen.de\/produkte\/stark-in-der-grundschule-sprachbildung-durch-philosophieren-gespraeche-ueber-lebensthemen-anregen-und-begleiten-buch-klasse-1-6-1100039201\">Sprachbildung durch Philosophieren. Gespr\u00e4che \u00fcber Lebensthemen anregen und begleiten<\/a><\/li>\n\n\n\n<li>aktuell Arbeit an der Studie &#8222;Akzeptanz au\u00dferschulischer Lernorte in der philosophischen Bildung&#8220; bei Prof. Dr. Markus Tiedemann, Technische Universit\u00e4t Dresden<\/li>\n<\/ul>\n<\/div>\n\n\n\n<div class=\"wp-block-column is-vertically-aligned-top is-layout-flow wp-block-column-is-layout-flow\" style=\"flex-basis:35%\">\n<figure class=\"wp-block-image is-resized\"><img loading=\"lazy\" decoding=\"async\" width=\"959\" height=\"1024\" src=\"https:\/\/eva-stollreiter.de\/wp-content\/uploads\/2025\/09\/1754924803230-959x1024.jpg\" alt=\"\" class=\"wp-image-503\" style=\"aspect-ratio:0.9365482596207927;width:244px;height:auto\" srcset=\"https:\/\/eva-stollreiter.de\/wp-content\/uploads\/2025\/09\/1754924803230-959x1024.jpg 959w, https:\/\/eva-stollreiter.de\/wp-content\/uploads\/2025\/09\/1754924803230-281x300.jpg 281w, https:\/\/eva-stollreiter.de\/wp-content\/uploads\/2025\/09\/1754924803230-768x820.jpg 768w, https:\/\/eva-stollreiter.de\/wp-content\/uploads\/2025\/09\/1754924803230-109x116.jpg 109w, https:\/\/eva-stollreiter.de\/wp-content\/uploads\/2025\/09\/1754924803230.jpg 1438w\" sizes=\"auto, (max-width: 959px) 100vw, 959px\" \/><\/figure>\n<\/div>\n<\/div>\n<\/div>\n\n\n\n<p>.<\/p>\n\n\n\n<p><\/p>\n","protected":false},"excerpt":{"rendered":"<p>Philosophische Bildung Text .<\/p>\n","protected":false},"author":1,"featured_media":48,"parent":0,"menu_order":0,"comment_status":"closed","ping_status":"closed","template":"","meta":{"footnotes":""},"class_list":["post-11","page","type-page","status-publish","has-post-thumbnail","hentry"],"_links":{"self":[{"href":"https:\/\/eva-stollreiter.de\/index.php?rest_route=\/wp\/v2\/pages\/11","targetHints":{"allow":["GET"]}}],"collection":[{"href":"https:\/\/eva-stollreiter.de\/index.php?rest_route=\/wp\/v2\/pages"}],"about":[{"href":"https:\/\/eva-stollreiter.de\/index.php?rest_route=\/wp\/v2\/types\/page"}],"author":[{"embeddable":true,"href":"https:\/\/eva-stollreiter.de\/index.php?rest_route=\/wp\/v2\/users\/1"}],"replies":[{"embeddable":true,"href":"https:\/\/eva-stollreiter.de\/index.php?rest_route=%2Fwp%2Fv2%2Fcomments&post=11"}],"version-history":[{"count":164,"href":"https:\/\/eva-stollreiter.de\/index.php?rest_route=\/wp\/v2\/pages\/11\/revisions"}],"predecessor-version":[{"id":589,"href":"https:\/\/eva-stollreiter.de\/index.php?rest_route=\/wp\/v2\/pages\/11\/revisions\/589"}],"wp:featuredmedia":[{"embeddable":true,"href":"https:\/\/eva-stollreiter.de\/index.php?rest_route=\/wp\/v2\/media\/48"}],"wp:attachment":[{"href":"https:\/\/eva-stollreiter.de\/index.php?rest_route=%2Fwp%2Fv2%2Fmedia&parent=11"}],"curies":[{"name":"wp","href":"https:\/\/api.w.org\/{rel}","templated":true}]}}